{"id":2395,"date":"2026-03-24T14:35:51","date_gmt":"2026-03-24T13:35:51","guid":{"rendered":"https:\/\/svbadra.de\/?page_id=2395"},"modified":"2026-03-24T16:27:39","modified_gmt":"2026-03-24T15:27:39","slug":"verein","status":"publish","type":"page","link":"https:\/\/svbadra.de\/index.php\/verein\/","title":{"rendered":"Verein"},"content":{"rendered":"<p style=\"text-align: center;\"><img decoding=\"async\" class=\"aligncenter size-full wp-image-5\" src=\"https:\/\/www.svbadra.de\/wp-content\/uploads\/2019\/02\/Logo_sv-badra-ev.png\" alt=\"\" width=\"133\" height=\"133\" \/><\/p>\n<p style=\"text-align: center;\"><b>\u201eFrisch, fr\u00f6hlich, frei\u201c<\/b><\/p>\n<p>Der Losung, der sich die deutsche Turnerschaft seit ihrem Ahnherren Friedrich Ludwig Jahn verschrieben hatte, fand auch in Badra Widerhall, wenngleich ein Sportverein erst 1927 gegr\u00fcndet wurde. Am Beginn stand Turnen im Vordergrund. Zu den Begr\u00fcndern geh\u00f6rten der Tischlermeister Karl Lange sen., B\u00fcrgermeister Thilo Henning, Leopold Benkenstein, Gastwirt Gr\u00fcnberg und Sattlermeister Heidenreich. Die gebildete Turnerriege erhielt moderne Sportger\u00e4te. Dazu z\u00e4hlten Ringe, Reck, Barren, Pferd und dazugeh\u00f6rige Matten. Der Riege stand als Vorturner und Oberturnwart der Schmiedemeister Otto Seeber, ein ausgezeichneter Turnsportler, zur Verf\u00fcgung, der seine reichen Erfahrungen an solche sportlichen Begabungen wie Arno Kartheuser, Walter Heise, Walter Benkenstein, Arthur Gr\u00fcnewald, Hugo Barche, Walter Seeber und Rudi Seeber sowie Otto Lehmann uneigenn\u00fctzig weiter gab. Im Sportgau Kyffh\u00e4user wurde unter der zielstrebigen Leitung des Oberturnwarts Seeber Badra eine Hochburg der M\u00e4nnerturnvereine in Nordth\u00fcringen. Die Badraer trugen nach Wettbewerben so manchen Pokal nach Hause oder wurden mit einer Auszeichnungsurkunde geehrt.<\/p>\n<p><img fetchpriority=\"high\" decoding=\"async\" class=\"size-full wp-image-101 aligncenter\" src=\"https:\/\/www.svbadra.de\/wp-content\/uploads\/2019\/02\/geschichte_01.png\" alt=\"\" width=\"408\" height=\"252\" srcset=\"https:\/\/svbadra.de\/wp-content\/uploads\/2019\/02\/geschichte_01.png 408w, https:\/\/svbadra.de\/wp-content\/uploads\/2019\/02\/geschichte_01-300x185.png 300w\" sizes=\"(max-width: 408px) 100vw, 408px\" \/><\/p>\n<p>Der zweite Weltkrieg machte wie so vieles andere auch die Zukunft des M\u00e4nnerturnvereins zunichte. Nach 1945 waren hier und da kleine Anf\u00e4nge sportlicher Bet\u00e4tigung zu verzeichnen, aber erst 1962 wurde in Badra erneut ein Sportverein gegr\u00fcndet. Neben dem neuen Vorsitzenden Raimund Hagenunger (1961 \u2013 1968), geh\u00f6rten Alexander Argo, Hermann Gr\u00fcneberg , Josef Minalga, Walter Schneidewind und Horst Weber zu den Initiatoren. In Ermangelung eines Sportplatzes wurde anfangs nur auf einigen Brach\u00e4ckern Fu\u00dfball gespielt, bevor ein neuer Rasen an der Steine der Mannschaft \u00fcbergeben werden konnte.<\/p>\n<p style=\"text-align: center;\"><img decoding=\"async\" class=\"size-full wp-image-102 aligncenter\" src=\"https:\/\/www.svbadra.de\/wp-content\/uploads\/2019\/02\/geschichte_02.png\" alt=\"\" width=\"408\" height=\"328\" srcset=\"https:\/\/svbadra.de\/wp-content\/uploads\/2019\/02\/geschichte_02.png 408w, https:\/\/svbadra.de\/wp-content\/uploads\/2019\/02\/geschichte_02-300x241.png 300w\" sizes=\"(max-width: 408px) 100vw, 408px\" \/><\/p>\n<p>Verst\u00e4rkt durch einige ausw\u00e4rtige Spieler, vor allem aber Armeespieler \u2013 einige geh\u00f6rten Heimatvereinen mit klangvollen Namen an \u2013 wurde in Badra ein ausgezeichneter Fu\u00dfball gespielt und die Mannschaft zum Favoritenschreck im gesamten Kreisgebiet.<\/p>\n<p style=\"text-align: center;\"><img loading=\"lazy\" decoding=\"async\" class=\"size-full wp-image-103 aligncenter\" src=\"https:\/\/www.svbadra.de\/wp-content\/uploads\/2019\/02\/geschichte_03.png\" alt=\"\" width=\"408\" height=\"286\" srcset=\"https:\/\/svbadra.de\/wp-content\/uploads\/2019\/02\/geschichte_03.png 408w, https:\/\/svbadra.de\/wp-content\/uploads\/2019\/02\/geschichte_03-300x210.png 300w\" sizes=\"(max-width: 408px) 100vw, 408px\" \/><\/p>\n<p><span class=\"ff2 fs20\">Nach, jeweils nur kurzen Amtsperioden, von Fritz Engelke (1968 \u2013 1969), Werner Kamusien (1969 \u2013 1970) und Dieter Bieberstein (1970 \u2013 1972) \u00fcbernahm 1972, Harald Jahn, f\u00fcr die kommenden 23 Jahre den Vereinsvorsitz. Unter seiner Leitung begannen 1986 die Mitglieder des Vereins mit dem Bau des neuen Sportlerheimes, welches dann am 01. Oktober 1988 feierlich eingeweiht wurde.<\/span><span class=\"fs36 ff3\">\u00a0<\/span><\/p>\n<p><img loading=\"lazy\" decoding=\"async\" class=\"size-full wp-image-104 alignleft\" src=\"https:\/\/www.svbadra.de\/wp-content\/uploads\/2019\/02\/geschichte_04.png\" alt=\"\" width=\"300\" height=\"179\" \/><img loading=\"lazy\" decoding=\"async\" class=\"size-full wp-image-105 alignleft\" src=\"https:\/\/www.svbadra.de\/wp-content\/uploads\/2019\/02\/geschichte_05.png\" alt=\"\" width=\"199\" height=\"214\" \/><\/p>\n<p>&nbsp;<\/p>\n<p>&nbsp;<\/p>\n<p>&nbsp;<\/p>\n<p>&nbsp;<\/p>\n<p>&nbsp;<\/p>\n<p>&nbsp;<\/p>\n<p><img loading=\"lazy\" decoding=\"async\" class=\"size-full wp-image-106 alignleft\" src=\"https:\/\/www.svbadra.de\/wp-content\/uploads\/2019\/02\/geschichte_06.png\" alt=\"\" width=\"199\" height=\"132\" \/><\/p>\n<p>Die gesamte Anlage befindet sich in guter Verfassung, und war auch schon Austragungsort \u00fcberkreislicher Veranstaltungen. Seit 1995 leitet Dr. Uwe Jentsch den Verein.<br \/>\nKurze Intermezzos im Verein gaben 1975 die Frauenmannschaft, eine Tischtennismannschaft (3 Jahre) und eine Tanzgruppe im Jahr 2001-2004.<br \/>\nLeider folgte dann 2007 wieder der Schritt zur\u00fcck in die 1. Kreisklasse, wo die Mannschaft momentan um den Anschluss ans Mittelfeld k\u00e4mpft.<br \/>\nNicht vergessen wollen wir hier auch die II. Mannschaft welche nach kurzer Zugeh\u00f6rigkeit zur 1., lange Jahre in der 2. Kreisklasse spielte.<\/p>\n","protected":false},"excerpt":{"rendered":"<p>\u201eFrisch, fr\u00f6hlich, frei\u201c Der Losung, der sich die deutsche Turnerschaft seit ihrem Ahnherren Friedrich Ludwig Jahn verschrieben hatte, fand auch in Badra Widerhall, wenngleich ein Sportverein erst 1927 gegr\u00fcndet wurde. Am Beginn stand Turnen im Vordergrund. Zu den Begr\u00fcndern geh\u00f6rten der Tischlermeister Karl Lange sen., B\u00fcrgermeister Thilo Henning, Leopold Benkenstein, Gastwirt Gr\u00fcnberg und Sattlermeister Heidenreich. [&hellip;]<\/p>\n","protected":false},"author":24788,"featured_media":0,"parent":0,"menu_order":2,"comment_status":"closed","ping_status":"closed","template":"","meta":{"footnotes":""},"class_list":["post-2395","page","type-page","status-publish","hentry"],"_links":{"self":[{"href":"https:\/\/svbadra.de\/index.php\/wp-json\/wp\/v2\/pages\/2395","targetHints":{"allow":["GET"]}}],"collection":[{"href":"https:\/\/svbadra.de\/index.php\/wp-json\/wp\/v2\/pages"}],"about":[{"href":"https:\/\/svbadra.de\/index.php\/wp-json\/wp\/v2\/types\/page"}],"author":[{"embeddable":true,"href":"https:\/\/svbadra.de\/index.php\/wp-json\/wp\/v2\/users\/24788"}],"replies":[{"embeddable":true,"href":"https:\/\/svbadra.de\/index.php\/wp-json\/wp\/v2\/comments?post=2395"}],"version-history":[{"count":2,"href":"https:\/\/svbadra.de\/index.php\/wp-json\/wp\/v2\/pages\/2395\/revisions"}],"predecessor-version":[{"id":2501,"href":"https:\/\/svbadra.de\/index.php\/wp-json\/wp\/v2\/pages\/2395\/revisions\/2501"}],"wp:attachment":[{"href":"https:\/\/svbadra.de\/index.php\/wp-json\/wp\/v2\/media?parent=2395"}],"curies":[{"name":"wp","href":"https:\/\/api.w.org\/{rel}","templated":true}]}}