{"id":2598,"date":"2026-03-25T00:26:25","date_gmt":"2026-03-24T23:26:25","guid":{"rendered":"https:\/\/svbadra.de\/index.php\/verein\/vermietung\/"},"modified":"2026-03-25T00:37:28","modified_gmt":"2026-03-24T23:37:28","slug":"vermietung","status":"publish","type":"page","link":"https:\/\/svbadra.de\/index.php\/vermietung\/","title":{"rendered":"Vermietung"},"content":{"rendered":"<p><strong><em>Du suchst eine R\u00e4umlichkeit f\u00fcr deine Feier?<\/em><\/strong><\/p>\n<p>Unser Vereinsheim bietet Platz f\u00fcr 40 Personen und ist mit einer Bar und einer kleinen K\u00fcche ausgestattet.<\/p>\n<p>Der Raum befindet sich im oberen Geschoss des Vereinsheims. Sanit\u00e4re Anlagen sowie eine gro\u00dfz\u00fcgige Terrasse stehen zur Verf\u00fcgung.<\/p>\n<p><strong>Miete: 75\u20ac + Kaution inkl. Mietvertrag<\/strong><\/p>\n<p>Interesse?<\/p>\n<p>Bitte melde dich unter <strong>info@svbadra.de<\/strong> oder per <strong>Whatsapp: +49 173 2530449\u00a0<\/strong><\/p>\n","protected":false},"excerpt":{"rendered":"<p>Du suchst eine R\u00e4umlichkeit f\u00fcr deine Feier? Unser Vereinsheim bietet Platz f\u00fcr 40 Personen und ist mit einer Bar und einer kleinen K\u00fcche ausgestattet. Der Raum befindet sich im oberen Geschoss des Vereinsheims. Sanit\u00e4re Anlagen sowie eine gro\u00dfz\u00fcgige Terrasse stehen zur Verf\u00fcgung. Miete: 75\u20ac + Kaution inkl. Mietvertrag Interesse? Bitte melde dich unter info@svbadra.de oder [&hellip;]<\/p>\n","protected":false},"author":24788,"featured_media":0,"parent":0,"menu_order":17,"comment_status":"closed","ping_status":"closed","template":"","meta":{"footnotes":""},"class_list":["post-2598","page","type-page","status-publish","hentry"],"_links":{"self":[{"href":"https:\/\/svbadra.de\/index.php\/wp-json\/wp\/v2\/pages\/2598","targetHints":{"allow":["GET"]}}],"collection":[{"href":"https:\/\/svbadra.de\/index.php\/wp-json\/wp\/v2\/pages"}],"about":[{"href":"https:\/\/svbadra.de\/index.php\/wp-json\/wp\/v2\/types\/page"}],"author":[{"embeddable":true,"href":"https:\/\/svbadra.de\/index.php\/wp-json\/wp\/v2\/users\/24788"}],"replies":[{"embeddable":true,"href":"https:\/\/svbadra.de\/index.php\/wp-json\/wp\/v2\/comments?post=2598"}],"version-history":[{"count":2,"href":"https:\/\/svbadra.de\/index.php\/wp-json\/wp\/v2\/pages\/2598\/revisions"}],"predecessor-version":[{"id":2600,"href":"https:\/\/svbadra.de\/index.php\/wp-json\/wp\/v2\/pages\/2598\/revisions\/2600"}],"wp:attachment":[{"href":"https:\/\/svbadra.de\/index.php\/wp-json\/wp\/v2\/media?parent=2598"}],"curies":[{"name":"wp","href":"https:\/\/api.w.org\/{rel}","templated":true}]}}